{"id":1142,"date":"2024-06-05T11:40:04","date_gmt":"2024-06-05T09:40:04","guid":{"rendered":"https:\/\/gite-escapade-passionnee.oaka.fr\/?page_id=1142"},"modified":"2024-06-17T17:07:37","modified_gmt":"2024-06-17T15:07:37","slug":"1142-2","status":"publish","type":"page","link":"https:\/\/gite-escapade-passionnee.fr\/?page_id=1142","title":{"rendered":"Tarifs"},"content":{"rendered":"<style>.kadence-column1142_0f6276-5d > .kt-inside-inner-col{display:flex;}.kadence-column1142_0f6276-5d > .kt-inside-inner-col,.kadence-column1142_0f6276-5d > .kt-inside-inner-col:before{border-top-left-radius:0px;border-top-right-radius:0px;border-bottom-right-radius:0px;border-bottom-left-radius:0px;}.kadence-column1142_0f6276-5d > .kt-inside-inner-col{column-gap:var(--global-kb-gap-sm, 1rem);}.kadence-column1142_0f6276-5d > .kt-inside-inner-col{flex-direction:column;justify-content:center;align-items:center;}.kadence-column1142_0f6276-5d > .kt-inside-inner-col > .kb-image-is-ratio-size{align-self:stretch;}.kadence-column1142_0f6276-5d > .kt-inside-inner-col > .aligncenter{width:100%;}.kt-row-column-wrap > .kadence-column1142_0f6276-5d{align-self:center;}.kt-inner-column-height-full:not(.kt-has-1-columns) > .wp-block-kadence-column.kadence-column1142_0f6276-5d{align-self:auto;}.kt-inner-column-height-full:not(.kt-has-1-columns) > .wp-block-kadence-column.kadence-column1142_0f6276-5d > .kt-inside-inner-col{flex-direction:column;justify-content:center;}.kadence-column1142_0f6276-5d > .kt-inside-inner-col{background-image:url('https:\/\/gite-escapade-passionnee.fr\/wp-content\/uploads\/2024\/06\/gite-alsacien-cour-4-1.png');background-size:cover;background-position:center center;background-attachment:scroll;background-repeat:no-repeat;}.kadence-column1142_0f6276-5d > .kt-inside-inner-col:before{opacity:0.66;background-image:linear-gradient(135deg,rgb(102,12,34) 0%,rgb(102,12,34) 100%);}.kadence-column1142_0f6276-5d{position:relative;}@media all and (max-width: 1024px){.kadence-column1142_0f6276-5d > .kt-inside-inner-col{flex-direction:column;align-items:center;}}@media all and (max-width: 767px){.kadence-column1142_0f6276-5d > .kt-inside-inner-col{flex-direction:column;align-items:center;}}<\/style>\n<div class=\"wp-block-kadence-column kadence-column1142_0f6276-5d kb-section-has-overlay\"><div class=\"kt-inside-inner-col\"><style>.wp-block-kadence-advancedheading.kt-adv-heading1142_bf5ce9-b1, .wp-block-kadence-advancedheading.kt-adv-heading1142_bf5ce9-b1[data-kb-block=\"kb-adv-heading1142_bf5ce9-b1\"]{padding-top:var(--global-kb-spacing-md, 2rem);padding-bottom:var(--global-kb-spacing-md, 2rem);text-align:center;font-size:var(--global-kb-font-size-xxl, 4rem);font-weight:400;font-style:normal;font-family:'Leckerli One';}.wp-block-kadence-advancedheading.kt-adv-heading1142_bf5ce9-b1 mark, .wp-block-kadence-advancedheading.kt-adv-heading1142_bf5ce9-b1[data-kb-block=\"kb-adv-heading1142_bf5ce9-b1\"] mark{font-style:normal;color:#f76a0c;padding-top:0px;padding-right:0px;padding-bottom:0px;padding-left:0px;}<\/style>\n<h2 class=\"kt-adv-heading1142_bf5ce9-b1 wp-block-kadence-advancedheading has-theme-palette-9-color has-text-color\" data-kb-block=\"kb-adv-heading1142_bf5ce9-b1\">Les tarifs du g\u00eete<\/h2>\n<\/div><\/div>\n\n\n<style>.kadence-column1142_cd287f-64 > .kt-inside-inner-col{display:flex;}.kadence-column1142_cd287f-64, .kt-inside-inner-col > .kadence-column1142_cd287f-64:not(.specificity){margin-right:0px;margin-left:0px;}.kadence-column1142_cd287f-64 > .kt-inside-inner-col{padding-top:var(--global-kb-spacing-xs, 1rem);padding-right:var(--global-kb-spacing-5xl, 10rem);padding-bottom:var(--global-kb-spacing-xs, 1rem);padding-left:var(--global-kb-spacing-4xl, 8rem);}.kadence-column1142_cd287f-64 > .kt-inside-inner-col,.kadence-column1142_cd287f-64 > .kt-inside-inner-col:before{border-top-left-radius:0px;border-top-right-radius:0px;border-bottom-right-radius:0px;border-bottom-left-radius:0px;}.kadence-column1142_cd287f-64 > .kt-inside-inner-col{column-gap:var(--global-kb-gap-sm, 1rem);}.kadence-column1142_cd287f-64 > .kt-inside-inner-col{flex-direction:column;justify-content:center;align-items:center;}.kadence-column1142_cd287f-64 > .kt-inside-inner-col > .kb-image-is-ratio-size{align-self:stretch;}.kadence-column1142_cd287f-64 > .kt-inside-inner-col > .aligncenter{width:100%;}.kt-row-column-wrap > .kadence-column1142_cd287f-64{align-self:center;}.kt-inner-column-height-full:not(.kt-has-1-columns) > .wp-block-kadence-column.kadence-column1142_cd287f-64{align-self:auto;}.kt-inner-column-height-full:not(.kt-has-1-columns) > .wp-block-kadence-column.kadence-column1142_cd287f-64 > .kt-inside-inner-col{flex-direction:column;justify-content:center;}.kadence-column1142_cd287f-64 > .kt-inside-inner-col:before{opacity:0.3;}.kadence-column1142_cd287f-64{position:relative;}@media all and (max-width: 1024px){.kadence-column1142_cd287f-64 > .kt-inside-inner-col{flex-direction:column;align-items:center;}}@media all and (max-width: 767px){.kadence-column1142_cd287f-64 > .kt-inside-inner-col{padding-right:var(--global-kb-spacing-xs, 1rem);padding-left:var(--global-kb-spacing-xs, 1rem);flex-direction:column;align-items:center;}}<\/style>\n<div class=\"wp-block-kadence-column kadence-column1142_cd287f-64\"><div class=\"kt-inside-inner-col\"><style>.wp-block-kadence-advancedheading.kt-adv-heading1142_9708ba-35, .wp-block-kadence-advancedheading.kt-adv-heading1142_9708ba-35[data-kb-block=\"kb-adv-heading1142_9708ba-35\"]{margin-right:0px;margin-left:0px;text-align:left;font-size:var(--global-kb-font-size-xl, 3rem);font-weight:400;font-style:normal;font-family:'Dancing Script';color:#b74141;}.wp-block-kadence-advancedheading.kt-adv-heading1142_9708ba-35 mark, .wp-block-kadence-advancedheading.kt-adv-heading1142_9708ba-35[data-kb-block=\"kb-adv-heading1142_9708ba-35\"] mark{font-style:normal;color:#f76a0c;padding-top:0px;padding-right:0px;padding-bottom:0px;padding-left:0px;}<\/style>\n<h2 class=\"kt-adv-heading1142_9708ba-35 wp-block-kadence-advancedheading\" data-kb-block=\"kb-adv-heading1142_9708ba-35\">Les diff\u00e9rents tarifs de location<\/h2>\n\n\n\n<p>Pour toute demande sp\u00e9cifique, n&rsquo;h\u00e9site pas \u00e0 nous contacter, nous \u00e9tablirons un devis chiffr\u00e9.<\/p>\n<\/div><\/div>\n\n\n<style>.kb-row-layout-id1142_e6f994-7d > .kt-row-column-wrap{align-content:start;}:where(.kb-row-layout-id1142_e6f994-7d > .kt-row-column-wrap) > .wp-block-kadence-column{justify-content:start;}.kb-row-layout-id1142_e6f994-7d > .kt-row-column-wrap{column-gap:var(--global-kb-gap-md, 2rem);row-gap:var(--global-kb-gap-md, 2rem);padding-top:var(--global-kb-spacing-sm, 1.5rem);padding-bottom:var(--global-kb-spacing-sm, 1.5rem);grid-template-columns:minmax(0, 1fr);}.kb-row-layout-id1142_e6f994-7d > .kt-row-layout-overlay{opacity:0.30;}@media all and (max-width: 1024px){.kb-row-layout-id1142_e6f994-7d > .kt-row-column-wrap{grid-template-columns:minmax(0, 1fr);}}@media all and (max-width: 767px){.kb-row-layout-id1142_e6f994-7d > .kt-row-column-wrap{grid-template-columns:minmax(0, 1fr);}}<\/style><div class=\"kb-row-layout-wrap kb-row-layout-id1142_e6f994-7d alignnone wp-block-kadence-rowlayout\"><div class=\"kt-row-column-wrap kt-has-1-columns kt-row-layout-equal kt-tab-layout-inherit kt-mobile-layout-row kt-row-valign-top\">\n<style>.kadence-column1142_a763aa-ce > .kt-inside-inner-col,.kadence-column1142_a763aa-ce > .kt-inside-inner-col:before{border-top-left-radius:0px;border-top-right-radius:0px;border-bottom-right-radius:0px;border-bottom-left-radius:0px;}.kadence-column1142_a763aa-ce > .kt-inside-inner-col{column-gap:var(--global-kb-gap-sm, 1rem);}.kadence-column1142_a763aa-ce > .kt-inside-inner-col{flex-direction:column;}.kadence-column1142_a763aa-ce > .kt-inside-inner-col > .aligncenter{width:100%;}.kadence-column1142_a763aa-ce > .kt-inside-inner-col:before{opacity:0.3;}.kadence-column1142_a763aa-ce{position:relative;}@media all and (max-width: 1024px){.kadence-column1142_a763aa-ce > .kt-inside-inner-col{flex-direction:column;}}@media all and (max-width: 767px){.kadence-column1142_a763aa-ce > .kt-inside-inner-col{flex-direction:column;}}<\/style>\n<div class=\"wp-block-kadence-column kadence-column1142_a763aa-ce\"><div class=\"kt-inside-inner-col\">\n<hr class=\"wp-block-separator has-text-color has-alpha-channel-opacity has-background is-style-default\" style=\"margin-top:0;margin-bottom:0;background-color:#b84242ba;color:#b84242ba\"\/>\n<\/div><\/div>\n\n<\/div><\/div>\n\n<style>.kadence-column1142_4d3e7f-da > .kt-inside-inner-col{display:flex;}.kadence-column1142_4d3e7f-da, .kt-inside-inner-col > .kadence-column1142_4d3e7f-da:not(.specificity){margin-right:0px;margin-left:0px;}.kadence-column1142_4d3e7f-da > .kt-inside-inner-col{padding-top:var(--global-kb-spacing-xs, 1rem);padding-right:var(--global-kb-spacing-5xl, 10rem);padding-bottom:var(--global-kb-spacing-xs, 1rem);padding-left:var(--global-kb-spacing-4xl, 8rem);}.kadence-column1142_4d3e7f-da > .kt-inside-inner-col,.kadence-column1142_4d3e7f-da > .kt-inside-inner-col:before{border-top-left-radius:0px;border-top-right-radius:0px;border-bottom-right-radius:0px;border-bottom-left-radius:0px;}.kadence-column1142_4d3e7f-da > .kt-inside-inner-col{column-gap:var(--global-kb-gap-sm, 1rem);}.kadence-column1142_4d3e7f-da > .kt-inside-inner-col{flex-direction:column;align-items:center;}.kadence-column1142_4d3e7f-da > .kt-inside-inner-col > .kb-image-is-ratio-size{align-self:stretch;}.kadence-column1142_4d3e7f-da > .kt-inside-inner-col > .aligncenter{width:100%;}.kadence-column1142_4d3e7f-da > .kt-inside-inner-col:before{opacity:0.3;}.kadence-column1142_4d3e7f-da{position:relative;}@media all and (max-width: 1024px){.kadence-column1142_4d3e7f-da > .kt-inside-inner-col{flex-direction:column;align-items:center;}}@media all and (max-width: 767px){.kadence-column1142_4d3e7f-da > .kt-inside-inner-col{padding-right:var(--global-kb-spacing-xs, 1rem);padding-left:var(--global-kb-spacing-xs, 1rem);flex-direction:column;align-items:center;}}<\/style>\n<div class=\"wp-block-kadence-column kadence-column1142_4d3e7f-da\"><div class=\"kt-inside-inner-col\">\n<h2 class=\"wp-block-heading has-large-font-size\"><strong>Tarif en semaine :<\/strong>&nbsp;<mark style=\"background-color:rgba(0, 0, 0, 0);color:#b74141\" class=\"has-inline-color\">245 euros la nuit\u00e9e<\/mark><\/h2>\n\n\n\n<p>Forfait 2 nuit\u00e9es minimum au choix du lundi au jeudi, hors vacances scolaires.<br>Arriv\u00e9e \u00e0 partir de 15h et d\u00e9part le surlendemain avant 11h.<br>A partir de&nbsp;<strong><mark style=\"background-color:rgba(0, 0, 0, 0);color:#b74141\" class=\"has-inline-color\">35 euros \/ personne<\/mark><\/strong>&nbsp;les 2 nuit\u00e9es pour un groupe de 14 personnes.<\/p>\n<\/div><\/div>\n\n\n<style>.kb-row-layout-id1142_f69d9b-b6 > .kt-row-column-wrap{align-content:start;}:where(.kb-row-layout-id1142_f69d9b-b6 > .kt-row-column-wrap) > .wp-block-kadence-column{justify-content:start;}.kb-row-layout-id1142_f69d9b-b6 > .kt-row-column-wrap{column-gap:var(--global-kb-gap-md, 2rem);row-gap:var(--global-kb-gap-md, 2rem);padding-top:var(--global-kb-spacing-sm, 1.5rem);padding-bottom:var(--global-kb-spacing-sm, 1.5rem);grid-template-columns:minmax(0, 1fr);}.kb-row-layout-id1142_f69d9b-b6 > .kt-row-layout-overlay{opacity:0.30;}@media all and (max-width: 1024px){.kb-row-layout-id1142_f69d9b-b6 > .kt-row-column-wrap{grid-template-columns:minmax(0, 1fr);}}@media all and (max-width: 767px){.kb-row-layout-id1142_f69d9b-b6 > .kt-row-column-wrap{grid-template-columns:minmax(0, 1fr);}}<\/style><div class=\"kb-row-layout-wrap kb-row-layout-id1142_f69d9b-b6 alignnone wp-block-kadence-rowlayout\"><div class=\"kt-row-column-wrap kt-has-1-columns kt-row-layout-equal kt-tab-layout-inherit kt-mobile-layout-row kt-row-valign-top\">\n<style>.kadence-column1142_a09aeb-15 > .kt-inside-inner-col,.kadence-column1142_a09aeb-15 > .kt-inside-inner-col:before{border-top-left-radius:0px;border-top-right-radius:0px;border-bottom-right-radius:0px;border-bottom-left-radius:0px;}.kadence-column1142_a09aeb-15 > .kt-inside-inner-col{column-gap:var(--global-kb-gap-sm, 1rem);}.kadence-column1142_a09aeb-15 > .kt-inside-inner-col{flex-direction:column;}.kadence-column1142_a09aeb-15 > .kt-inside-inner-col > .aligncenter{width:100%;}.kadence-column1142_a09aeb-15 > .kt-inside-inner-col:before{opacity:0.3;}.kadence-column1142_a09aeb-15{position:relative;}@media all and (max-width: 1024px){.kadence-column1142_a09aeb-15 > .kt-inside-inner-col{flex-direction:column;}}@media all and (max-width: 767px){.kadence-column1142_a09aeb-15 > .kt-inside-inner-col{flex-direction:column;}}<\/style>\n<div class=\"wp-block-kadence-column kadence-column1142_a09aeb-15\"><div class=\"kt-inside-inner-col\">\n<hr class=\"wp-block-separator has-text-color has-alpha-channel-opacity has-background is-style-default\" style=\"margin-top:0;margin-bottom:0;background-color:#b84242ba;color:#b84242ba\"\/>\n<\/div><\/div>\n\n<\/div><\/div>\n\n<style>.kadence-column1142_2c05c9-74 > .kt-inside-inner-col{display:flex;}.kadence-column1142_2c05c9-74, .kt-inside-inner-col > .kadence-column1142_2c05c9-74:not(.specificity){margin-right:0px;margin-left:0px;}.kadence-column1142_2c05c9-74 > .kt-inside-inner-col{padding-top:var(--global-kb-spacing-xs, 1rem);padding-right:var(--global-kb-spacing-5xl, 10rem);padding-bottom:var(--global-kb-spacing-xs, 1rem);padding-left:var(--global-kb-spacing-4xl, 8rem);}.kadence-column1142_2c05c9-74 > .kt-inside-inner-col,.kadence-column1142_2c05c9-74 > .kt-inside-inner-col:before{border-top-left-radius:0px;border-top-right-radius:0px;border-bottom-right-radius:0px;border-bottom-left-radius:0px;}.kadence-column1142_2c05c9-74 > .kt-inside-inner-col{column-gap:var(--global-kb-gap-sm, 1rem);}.kadence-column1142_2c05c9-74 > .kt-inside-inner-col{flex-direction:column;align-items:center;}.kadence-column1142_2c05c9-74 > .kt-inside-inner-col > .kb-image-is-ratio-size{align-self:stretch;}.kadence-column1142_2c05c9-74 > .kt-inside-inner-col > .aligncenter{width:100%;}.kadence-column1142_2c05c9-74 > .kt-inside-inner-col:before{opacity:0.3;}.kadence-column1142_2c05c9-74{position:relative;}@media all and (max-width: 1024px){.kadence-column1142_2c05c9-74 > .kt-inside-inner-col{flex-direction:column;align-items:center;}}@media all and (max-width: 767px){.kadence-column1142_2c05c9-74 > .kt-inside-inner-col{padding-right:var(--global-kb-spacing-xs, 1rem);padding-left:var(--global-kb-spacing-xs, 1rem);flex-direction:column;align-items:center;}}<\/style>\n<div class=\"wp-block-kadence-column kadence-column1142_2c05c9-74\"><div class=\"kt-inside-inner-col\">\n<h2 class=\"wp-block-heading has-large-font-size\"><strong><strong>Tarif en week-end<\/strong> :<\/strong>&nbsp;<mark style=\"background-color:rgba(0, 0, 0, 0);color:#b74141\" class=\"has-inline-color\">695 euros<\/mark><\/h2>\n\n\n\n<p>A partir de&nbsp;<strong><mark style=\"background-color:rgba(0, 0, 0, 0);color:#b74141\" class=\"has-inline-color\">49 euros \/ personne<\/mark><\/strong>&nbsp;pour un groupe de 14 personnes.<br>Arriv\u00e9e le samedi \u00e0 partir de 10h, d\u00e9part le dimanche avant 19h.<\/p>\n<\/div><\/div>\n\n\n<style>.kb-row-layout-id1142_5e5933-ef > .kt-row-column-wrap{align-content:start;}:where(.kb-row-layout-id1142_5e5933-ef > .kt-row-column-wrap) > .wp-block-kadence-column{justify-content:start;}.kb-row-layout-id1142_5e5933-ef > .kt-row-column-wrap{column-gap:var(--global-kb-gap-md, 2rem);row-gap:var(--global-kb-gap-md, 2rem);padding-top:var(--global-kb-spacing-sm, 1.5rem);padding-bottom:var(--global-kb-spacing-sm, 1.5rem);grid-template-columns:minmax(0, 1fr);}.kb-row-layout-id1142_5e5933-ef > .kt-row-layout-overlay{opacity:0.30;}@media all and (max-width: 1024px){.kb-row-layout-id1142_5e5933-ef > .kt-row-column-wrap{grid-template-columns:minmax(0, 1fr);}}@media all and (max-width: 767px){.kb-row-layout-id1142_5e5933-ef > .kt-row-column-wrap{grid-template-columns:minmax(0, 1fr);}}<\/style><div class=\"kb-row-layout-wrap kb-row-layout-id1142_5e5933-ef alignnone wp-block-kadence-rowlayout\"><div class=\"kt-row-column-wrap kt-has-1-columns kt-row-layout-equal kt-tab-layout-inherit kt-mobile-layout-row kt-row-valign-top\">\n<style>.kadence-column1142_dd9592-e0 > .kt-inside-inner-col,.kadence-column1142_dd9592-e0 > .kt-inside-inner-col:before{border-top-left-radius:0px;border-top-right-radius:0px;border-bottom-right-radius:0px;border-bottom-left-radius:0px;}.kadence-column1142_dd9592-e0 > .kt-inside-inner-col{column-gap:var(--global-kb-gap-sm, 1rem);}.kadence-column1142_dd9592-e0 > .kt-inside-inner-col{flex-direction:column;}.kadence-column1142_dd9592-e0 > .kt-inside-inner-col > .aligncenter{width:100%;}.kadence-column1142_dd9592-e0 > .kt-inside-inner-col:before{opacity:0.3;}.kadence-column1142_dd9592-e0{position:relative;}@media all and (max-width: 1024px){.kadence-column1142_dd9592-e0 > .kt-inside-inner-col{flex-direction:column;}}@media all and (max-width: 767px){.kadence-column1142_dd9592-e0 > .kt-inside-inner-col{flex-direction:column;}}<\/style>\n<div class=\"wp-block-kadence-column kadence-column1142_dd9592-e0\"><div class=\"kt-inside-inner-col\">\n<hr class=\"wp-block-separator has-text-color has-alpha-channel-opacity has-background is-style-default\" style=\"margin-top:0;margin-bottom:0;background-color:#b84242ba;color:#b84242ba\"\/>\n<\/div><\/div>\n\n<\/div><\/div>\n\n<style>.kadence-column1142_c5e8f7-69 > .kt-inside-inner-col{display:flex;}.kadence-column1142_c5e8f7-69, .kt-inside-inner-col > .kadence-column1142_c5e8f7-69:not(.specificity){margin-right:0px;margin-left:0px;}.kadence-column1142_c5e8f7-69 > .kt-inside-inner-col{padding-top:var(--global-kb-spacing-xs, 1rem);padding-right:var(--global-kb-spacing-5xl, 10rem);padding-bottom:var(--global-kb-spacing-xs, 1rem);padding-left:var(--global-kb-spacing-4xl, 8rem);}.kadence-column1142_c5e8f7-69 > .kt-inside-inner-col,.kadence-column1142_c5e8f7-69 > .kt-inside-inner-col:before{border-top-left-radius:0px;border-top-right-radius:0px;border-bottom-right-radius:0px;border-bottom-left-radius:0px;}.kadence-column1142_c5e8f7-69 > .kt-inside-inner-col{column-gap:var(--global-kb-gap-sm, 1rem);}.kadence-column1142_c5e8f7-69 > .kt-inside-inner-col{flex-direction:column;align-items:center;}.kadence-column1142_c5e8f7-69 > .kt-inside-inner-col > .kb-image-is-ratio-size{align-self:stretch;}.kadence-column1142_c5e8f7-69 > .kt-inside-inner-col > .aligncenter{width:100%;}.kadence-column1142_c5e8f7-69 > .kt-inside-inner-col:before{opacity:0.3;}.kadence-column1142_c5e8f7-69{position:relative;}@media all and (max-width: 1024px){.kadence-column1142_c5e8f7-69 > .kt-inside-inner-col{flex-direction:column;align-items:center;}}@media all and (max-width: 767px){.kadence-column1142_c5e8f7-69 > .kt-inside-inner-col{padding-right:var(--global-kb-spacing-xs, 1rem);padding-left:var(--global-kb-spacing-xs, 1rem);flex-direction:column;align-items:center;}}<\/style>\n<div class=\"wp-block-kadence-column kadence-column1142_c5e8f7-69\"><div class=\"kt-inside-inner-col\">\n<h2 class=\"wp-block-heading has-large-font-size\"><strong>Tarif vacances scolaires :<\/strong><\/h2>\n\n\n\n<p>Location du samedi au samedi uniquement.<br>Arriv\u00e9e le samedi \u00e0 partir de 15h, d\u00e9part le samedi d\u2019apr\u00e8s avant 11h.<br><strong><mark style=\"background-color:rgba(0, 0, 0, 0);color:#b74141\" class=\"has-inline-color\">995 euros<\/mark>&nbsp;<\/strong>la semaine quelque soit le nombre de personnes.<\/p>\n\n\n\n<p>Est inclus dans le tarif de chaque location : l\u2019eau, l\u2019\u00e9lectricit\u00e9, la taxe de s\u00e9jour, le chauffage<\/p>\n<\/div><\/div>\n\n\n<style>.kb-row-layout-id1142_0749c0-ab > .kt-row-column-wrap{align-content:start;}:where(.kb-row-layout-id1142_0749c0-ab > .kt-row-column-wrap) > .wp-block-kadence-column{justify-content:start;}.kb-row-layout-id1142_0749c0-ab > .kt-row-column-wrap{column-gap:var(--global-kb-gap-md, 2rem);row-gap:var(--global-kb-gap-md, 2rem);padding-top:var(--global-kb-spacing-sm, 1.5rem);padding-bottom:var(--global-kb-spacing-sm, 1.5rem);grid-template-columns:minmax(0, 1fr);}.kb-row-layout-id1142_0749c0-ab > .kt-row-layout-overlay{opacity:0.30;}@media all and (max-width: 1024px){.kb-row-layout-id1142_0749c0-ab > .kt-row-column-wrap{grid-template-columns:minmax(0, 1fr);}}@media all and (max-width: 767px){.kb-row-layout-id1142_0749c0-ab > .kt-row-column-wrap{grid-template-columns:minmax(0, 1fr);}}<\/style><div class=\"kb-row-layout-wrap kb-row-layout-id1142_0749c0-ab alignnone wp-block-kadence-rowlayout\"><div class=\"kt-row-column-wrap kt-has-1-columns kt-row-layout-equal kt-tab-layout-inherit kt-mobile-layout-row kt-row-valign-top\">\n<style>.kadence-column1142_53d539-a0 > .kt-inside-inner-col,.kadence-column1142_53d539-a0 > .kt-inside-inner-col:before{border-top-left-radius:0px;border-top-right-radius:0px;border-bottom-right-radius:0px;border-bottom-left-radius:0px;}.kadence-column1142_53d539-a0 > .kt-inside-inner-col{column-gap:var(--global-kb-gap-sm, 1rem);}.kadence-column1142_53d539-a0 > .kt-inside-inner-col{flex-direction:column;}.kadence-column1142_53d539-a0 > .kt-inside-inner-col > .aligncenter{width:100%;}.kadence-column1142_53d539-a0 > .kt-inside-inner-col:before{opacity:0.3;}.kadence-column1142_53d539-a0{position:relative;}@media all and (max-width: 1024px){.kadence-column1142_53d539-a0 > .kt-inside-inner-col{flex-direction:column;}}@media all and (max-width: 767px){.kadence-column1142_53d539-a0 > .kt-inside-inner-col{flex-direction:column;}}<\/style>\n<div class=\"wp-block-kadence-column kadence-column1142_53d539-a0\"><div class=\"kt-inside-inner-col\">\n<hr class=\"wp-block-separator has-text-color has-alpha-channel-opacity has-background is-style-default\" style=\"margin-top:0;margin-bottom:0;background-color:#b84242ba;color:#b84242ba\"\/>\n<\/div><\/div>\n\n<\/div><\/div>\n\n<style>.kadence-column1142_f65167-a8 > .kt-inside-inner-col{display:flex;}.kadence-column1142_f65167-a8, .kt-inside-inner-col > .kadence-column1142_f65167-a8:not(.specificity){margin-right:0px;margin-left:0px;}.kadence-column1142_f65167-a8 > .kt-inside-inner-col{padding-top:var(--global-kb-spacing-xs, 1rem);padding-right:var(--global-kb-spacing-5xl, 10rem);padding-bottom:var(--global-kb-spacing-xs, 1rem);padding-left:var(--global-kb-spacing-4xl, 8rem);}.kadence-column1142_f65167-a8 > .kt-inside-inner-col,.kadence-column1142_f65167-a8 > .kt-inside-inner-col:before{border-top-left-radius:0px;border-top-right-radius:0px;border-bottom-right-radius:0px;border-bottom-left-radius:0px;}.kadence-column1142_f65167-a8 > .kt-inside-inner-col{column-gap:var(--global-kb-gap-sm, 1rem);}.kadence-column1142_f65167-a8 > .kt-inside-inner-col{flex-direction:column;align-items:center;}.kadence-column1142_f65167-a8 > .kt-inside-inner-col > .kb-image-is-ratio-size{align-self:stretch;}.kadence-column1142_f65167-a8 > .kt-inside-inner-col > .aligncenter{width:100%;}.kadence-column1142_f65167-a8 > .kt-inside-inner-col:before{opacity:0.3;}.kadence-column1142_f65167-a8{position:relative;}@media all and (max-width: 1024px){.kadence-column1142_f65167-a8 > .kt-inside-inner-col{flex-direction:column;align-items:center;}}@media all and (max-width: 767px){.kadence-column1142_f65167-a8 > .kt-inside-inner-col{padding-right:var(--global-kb-spacing-xs, 1rem);padding-left:var(--global-kb-spacing-xs, 1rem);flex-direction:column;align-items:center;}}<\/style>\n<div class=\"wp-block-kadence-column kadence-column1142_f65167-a8\"><div class=\"kt-inside-inner-col\">\n<h2 class=\"wp-block-heading has-large-font-size\"><strong>Frais de m\u00e9nage en fin de s\u00e9jour<\/strong>&nbsp;:<\/h2>\n\n\n\n<p>Si vous ne souhaitez pas le faire, une prestation m\u00e9nage de<strong>&nbsp;<mark style=\"background-color:rgba(0, 0, 0, 0);color:#b74141\" class=\"has-inline-color\">65 euros<\/mark><\/strong>&nbsp;vous est propos\u00e9e en compl\u00e9ment de la location.<\/p>\n<\/div><\/div>\n","protected":false},"excerpt":{"rendered":"<p>Les tarifs du g\u00eete Les diff\u00e9rents tarifs de location Pour toute demande sp\u00e9cifique, n&rsquo;h\u00e9site pas \u00e0 nous contacter, nous \u00e9tablirons un devis chiffr\u00e9. Tarif en semaine :&nbsp;245 euros la nuit\u00e9e&#8230;<\/p>\n","protected":false},"author":1,"featured_media":0,"parent":0,"menu_order":0,"comment_status":"closed","ping_status":"closed","template":"","meta":{"_uag_custom_page_level_css":"","_EventAllDay":false,"_EventTimezone":"","_EventStartDate":"","_EventEndDate":"","_EventStartDateUTC":"","_EventEndDateUTC":"","_EventShowMap":false,"_EventShowMapLink":false,"_EventURL":"","_EventCost":"","_EventCostDescription":"","_EventCurrencySymbol":"","_EventCurrencyCode":"","_EventCurrencyPosition":"","_EventDateTimeSeparator":"","_EventTimeRangeSeparator":"","_EventOrganizerID":[],"_EventVenueID":[],"_OrganizerEmail":"","_OrganizerPhone":"","_OrganizerWebsite":"","_VenueAddress":"","_VenueCity":"","_VenueCountry":"","_VenueProvince":"","_VenueState":"","_VenueZip":"","_VenuePhone":"","_VenueURL":"","_VenueStateProvince":"","_VenueLat":"","_VenueLng":"","_VenueShowMap":false,"_VenueShowMapLink":false,"_kadence_starter_templates_imported_post":false,"_kad_post_transparent":"","_kad_post_title":"","_kad_post_layout":"","_kad_post_sidebar_id":"","_kad_post_content_style":"","_kad_post_vertical_padding":"","_kad_post_feature":"","_kad_post_feature_position":"","_kad_post_header":false,"_kad_post_footer":false,"footnotes":""},"class_list":["post-1142","page","type-page","status-publish","hentry"],"uagb_featured_image_src":{"full":false,"thumbnail":false,"medium":false,"medium_large":false,"large":false,"1536x1536":false,"2048x2048":false},"uagb_author_info":{"display_name":"iwescapade","author_link":"https:\/\/gite-escapade-passionnee.fr\/?author=1"},"uagb_comment_info":0,"uagb_excerpt":"Les tarifs du g\u00eete Les diff\u00e9rents tarifs de location Pour toute demande sp\u00e9cifique, n&rsquo;h\u00e9site pas \u00e0 nous contacter, nous \u00e9tablirons un devis chiffr\u00e9. Tarif en semaine :&nbsp;245 euros la nuit\u00e9e...","_links":{"self":[{"href":"https:\/\/gite-escapade-passionnee.fr\/index.php?rest_route=\/wp\/v2\/pages\/1142","targetHints":{"allow":["GET"]}}],"collection":[{"href":"https:\/\/gite-escapade-passionnee.fr\/index.php?rest_route=\/wp\/v2\/pages"}],"about":[{"href":"https:\/\/gite-escapade-passionnee.fr\/index.php?rest_route=\/wp\/v2\/types\/page"}],"author":[{"embeddable":true,"href":"https:\/\/gite-escapade-passionnee.fr\/index.php?rest_route=\/wp\/v2\/users\/1"}],"replies":[{"embeddable":true,"href":"https:\/\/gite-escapade-passionnee.fr\/index.php?rest_route=%2Fwp%2Fv2%2Fcomments&post=1142"}],"version-history":[{"count":4,"href":"https:\/\/gite-escapade-passionnee.fr\/index.php?rest_route=\/wp\/v2\/pages\/1142\/revisions"}],"predecessor-version":[{"id":1237,"href":"https:\/\/gite-escapade-passionnee.fr\/index.php?rest_route=\/wp\/v2\/pages\/1142\/revisions\/1237"}],"wp:attachment":[{"href":"https:\/\/gite-escapade-passionnee.fr\/index.php?rest_route=%2Fwp%2Fv2%2Fmedia&parent=1142"}],"curies":[{"name":"wp","href":"https:\/\/api.w.org\/{rel}","templated":true}]}}